{"id":2876,"date":"2016-09-05T10:56:21","date_gmt":"2016-09-05T10:56:21","guid":{"rendered":"http:\/\/demo.goodlayers.com\/realfactory\/?page_id=2876"},"modified":"2025-05-27T19:39:13","modified_gmt":"2025-05-27T19:39:13","slug":"about-us","status":"publish","type":"page","link":"https:\/\/antalyaactivities.com\/tr\/about-us\/","title":{"rendered":"Hakk\u0131m\u0131zda"},"content":{"rendered":"<p class=\"translation-block\">T\u00fcrkiye'nin muhte\u015fem Turkuaz K\u0131y\u0131s\u0131 boyunca ke\u015ffi yeniden tan\u0131ml\u0131yoruz. Miras, macera ve otantik yerel deneyimleri harmanlayan unutulmaz yolculuklar tasarl\u0131yoruz. \u0130ster antik kal\u0131nt\u0131lar\u0131 ke\u015ffediyor olun, ister kristal berrakl\u0131\u011f\u0131ndaki koylar\u0131n \u00fczerinde yama\u00e7 para\u015f\u00fct\u00fc ile s\u00fcz\u00fcl\u00fcyor olun, her deneyim sizi Antalya'n\u0131n kalbine dald\u0131r\u0131yor. Zengin k\u00fclt\u00fcrel dokuyu ve muhte\u015fem manzaralar\u0131 bizimle ke\u015ffedin, ziyaretinizi ger\u00e7ekten ola\u011fan\u00fcst\u00fc k\u0131l\u0131n.<\/p>\n\n\n\n<hr class=\"wp-block-separator has-alpha-channel-opacity\"\/>\n\n\n\n<h3 class=\"wp-block-heading\">Sunduklar\u0131m\u0131z<\/h3>\n\n\n\n<p class=\"translation-block\"><strong>Tarihi ve K\u00fclt\u00fcrel Turlar<\/strong><br>Uzman rehberler e\u015fli\u011finde Antalya'n\u0131n en ikonik simgelerine y\u00f6nelik turlarla ge\u00e7mi\u015fe ad\u0131m at\u0131n. <strong>Hadrian Kap\u0131s\u0131<\/strong>'n\u0131n harikalar\u0131n\u0131 ke\u015ffedin, <strong>Perge<\/strong>, <strong>Aspendos<\/strong> ve <strong>Termessos<\/strong>'un antik kal\u0131nt\u0131lar\u0131nda dola\u015f\u0131n ya da Antalya'n\u0131n tarihi Eski \u015eehri <strong>Kalei\u00e7i<\/strong>'nin b\u00fcy\u00fcleyici sokaklar\u0131nda kaybolun. Bilgili rehberlerimiz, bu g\u00fczel \u015fehri \u015fekillendiren Greko-Romen ve Osmanl\u0131 miras\u0131n\u0131 canland\u0131r\u0131yor.<\/p>\n\n\n\n<p class=\"translation-block\"><strong>A\u00e7\u0131k Hava Maceralar\u0131<\/strong><br>Antalya'n\u0131n engebeli do\u011fal harikalar\u0131nda maceraperest yan\u0131n\u0131z\u0131 serbest b\u0131rak\u0131n. <strong>K\u00f6pr\u00fcl\u00fc Kanyon<\/strong>'da heyecan verici <strong>beyaz su rafting<\/strong>'ten nefes kesici <strong>Lykia Yolu<\/strong>'nda y\u00fcr\u00fcy\u00fc\u015fe kadar, b\u00f6lgenin g\u00fczelli\u011fi sonsuz a\u00e7\u0131k hava f\u0131rsatlar\u0131 sunuyor. <strong>Toros Da\u011flar\u0131<\/strong> \u00fczerinde bir <strong>yama\u00e7 para\u015f\u00fct\u00fc<\/strong> deneyimi ile g\u00f6ky\u00fcz\u00fcne \u00e7\u0131k\u0131n veya b\u00fcy\u00fcleyici <strong>D\u00fcden \u015eelaleleri<\/strong>'ni ke\u015ffedin. Aktivitelerimiz her seviyeden fitness d\u00fczeyine hitap eder, b\u00f6ylece herkes i\u00e7in bir \u015feyler vard\u0131r. Daha fazla bilgi i\u00e7in <strong>Maceralar Turlar\u0131<\/strong> sayfam\u0131z\u0131 ziyaret edin.<\/p>\n\n\n\n<p class=\"translation-block\"><strong>Plaj ve Su Aktiviteleri<\/strong><br>\u0130ster <strong>Konyaalt\u0131<\/strong> veya <strong>Lara Plaj\u0131<\/strong>'n\u0131n huzurunu ar\u0131yor olun, ister su sporlar\u0131n\u0131n heyecan\u0131n\u0131, hepsi burada. Ak\u0131nt\u0131lar\u0131n keyfini \u00e7\u0131karmak isteyenler i\u00e7in <strong>kayak<\/strong>, <strong>dal\u0131\u015f<\/strong> ve hatta <strong>korsan tekne turlar\u0131<\/strong> mevcuttur. Ayr\u0131ca, b\u00f6lgenin en iyi tatil k\u00f6ylerine eri\u015fim sa\u011flayarak aile dostu plaj deneyimleri sunuyoruz; bu da dinlenme ve maceran\u0131n m\u00fckemmel kar\u0131\u015f\u0131m\u0131n\u0131 sa\u011fl\u0131yor.<\/p>\n\n\n\n<p class=\"translation-block\"><strong>\u00d6zg\u00fcn K\u00fclt\u00fcrel Deneyimler<\/strong><br>Antalya'n\u0131n canl\u0131 k\u00fclt\u00fcr\u00fcne unutulmaz yerel deneyimlerle daha derinlemesine dal\u0131n. <strong>T\u00fcrk kahvesi fal\u0131 at\u00f6lyelerine<\/strong> kat\u0131l\u0131n, <strong>hareketli pazarlar\u0131<\/strong> ke\u015ffedin veya <strong>Y\u00f6r\u00fck g\u00f6\u00e7ebe ailesi<\/strong> ile geleneksel bir g\u00fcn ge\u00e7irerek onlar\u0131n eski ya\u015fam tarzlar\u0131n\u0131 \u00f6\u011frenin. Aileler i\u00e7in <strong>Antalya Akvaryumu<\/strong> ve b\u00fcy\u00fcl\u00fc <strong>Legends \u00dclkesi Tema Park\u0131<\/strong>'na geziler sunuyoruz. Her deneyim, b\u00f6lgenin k\u00fclt\u00fcr\u00fcne ger\u00e7ekten dalman\u0131z\u0131 sa\u011fl\u0131yor.<\/p>\n\n\n\n<p class=\"translation-block\"><strong>Kolay Ula\u015f\u0131m ve Sorunsuz Rezervasyon<\/strong><br>Konforunuz ve rahatl\u0131\u011f\u0131n\u0131z \u00f6nceli\u011fimizdir. Sorunsuz bir seyahat deneyimi sa\u011flamak i\u00e7in <strong>\u00f6zel transferler<\/strong>, <strong>tramvay turlar\u0131<\/strong> ve <strong>rehberli geziler<\/strong> sunuyoruz. L\u00fcks <strong>VIO Vito ara\u00e7lar\u0131<\/strong> ile <strong>24\/7 havaalan\u0131 transferleri<\/strong> ile Antalya Havaliman\u0131'na \u015f\u0131k ve stressiz bir var\u0131\u015f veya ayr\u0131l\u0131\u015f garantisi veriyoruz. Esnek iptal se\u00e7enekleri ile rezervasyon yapmak zahmetsizdir. Daha fazla yard\u0131m i\u00e7in <strong>Bize Ula\u015f\u0131n<\/strong> sayfam\u0131z\u0131 ziyaret edin.<\/p>\n\n\n\n<p><strong>Complete Travel Packages<\/strong><br>Experience Antalya at its best with our <strong>all-inclusive packages<\/strong>. From hotel reservations to car rentals, we provide a flexible, worry-free vacation experience. We collaborate with trusted providers such as <strong>hotelmaps.co<\/strong> to ensure your stay is both comfortable and memorable.<\/p>\n\n\n\n<hr class=\"wp-block-separator has-alpha-channel-opacity\"\/>\n\n\n\n<h3 class=\"wp-block-heading\">Neden Antalya Aktiviteleri'ni Se\u00e7melisiniz?<\/h3>\n\n\n\n<p class=\"translation-block\"><strong>Tailored for Every Traveler<\/strong><br>We cater to families, couples, solo travelers, and groups, designing custom itineraries to suit every age and interest. Whether you seek adventure or relaxation, we\u2019ve got something for you.<\/p>\n\n\n\n<p class=\"translation-block\"><strong>Uzman Yerel Rehberler<\/strong><br>Hem <strong>Arap\u00e7a<\/strong> hem de <strong>\u0130ngilizce<\/strong> ak\u0131c\u0131 olan uzman rehberlerimiz, Antalya'n\u0131n zengin tarihi ve canl\u0131 k\u00fclt\u00fcr\u00fc hakk\u0131nda daha derin bir anlay\u0131\u015f kazanman\u0131z\u0131 sa\u011flar. S\u0131radan turistik gezilerin \u00f6tesine ge\u00e7en otantik bir deneyim sunuyoruz.<\/p>\n\n\n\n<p class=\"translation-block\"><strong>S\u00fcrd\u00fcr\u00fclebilir ve Topluluk Odakl\u0131<\/strong><br><strong>Antalya Aktiviteleri<\/strong> olarak, sorumlu turizme ba\u011fl\u0131y\u0131z. Yerel topluluklarla, \u00f6zellikle <strong>Y\u00f6r\u00fck aileleri<\/strong> ile yak\u0131n \u00e7al\u0131\u015f\u0131yor ve <strong>kad\u0131n liderli\u011findeki at\u00f6lyeleri<\/strong> destekleyerek s\u00fcrd\u00fcr\u00fclebilirli\u011fi ve k\u00fclt\u00fcrel korumay\u0131 te\u015fvik ediyoruz. <strong>Sorumlu Seyahat<\/strong> konusundaki ba\u011fl\u0131l\u0131\u011f\u0131m\u0131z hakk\u0131nda daha fazla bilgi edinin.<\/p>\n\n\n\n<p><strong>Year-Round Adventures<\/strong><br>Thanks to Antalya\u2019s Mediterranean climate, we offer year-round activities, from <strong>summer beach days<\/strong> to <strong>winter explorations<\/strong>. No matter when you visit, <strong>Antalya Activities<\/strong> guarantees an unforgettable experience tailored to the season.<\/p>\n\n\n\n<hr class=\"wp-block-separator has-alpha-channel-opacity\"\/>\n\n\n\n<h3 class=\"wp-block-heading\">Antalya Aktivitelerinizi Rezervasyon Yap\u0131n<\/h3>\n\n\n\n<p class=\"translation-block\">Bizimle bir yolculu\u011fa \u00e7\u0131k\u0131n ve Antalya'n\u0131n neden mutlaka ziyaret edilmesi gereken bir destinasyon oldu\u011funu ke\u015ffedin. <strong>15 y\u0131ll\u0131k uzmanl\u0131k<\/strong> ile, Turkuaz K\u0131y\u0131s\u0131 boyunca unutulmaz deneyimler olu\u015fturmak i\u00e7in g\u00fcvenilir orta\u011f\u0131n\u0131z\u0131z. Maceran\u0131z\u0131 bug\u00fcn rezervasyon yap\u0131n ve <strong>Antalya Aktiviteleri<\/strong> Antalya'n\u0131n kalbine do\u011fru yol alman\u0131z\u0131 sa\u011flas\u0131n!<\/p>","protected":false},"excerpt":{"rendered":"<p>At Antalya Activities, we redefine exploration along Turkey\u2019s breathtaking Turquoise Coast. We craft unforgettable journeys that blend heritage, adventure, and authentic local experiences. Whether you\u2019re uncovering ancient ruins or soaring above the crystal-clear bays with a paraglide, each experience immerses you in the heart of Antalya. Explore the rich cultural tapestry and stunning landscapes with [&hellip;]<\/p>\n","protected":false},"author":1,"featured_media":0,"parent":0,"menu_order":0,"comment_status":"closed","ping_status":"closed","template":"","meta":{"footnotes":""},"class_list":["post-2876","page","type-page","status-publish","hentry"],"_links":{"self":[{"href":"https:\/\/antalyaactivities.com\/tr\/wp-json\/wp\/v2\/pages\/2876","targetHints":{"allow":["GET"]}}],"collection":[{"href":"https:\/\/antalyaactivities.com\/tr\/wp-json\/wp\/v2\/pages"}],"about":[{"href":"https:\/\/antalyaactivities.com\/tr\/wp-json\/wp\/v2\/types\/page"}],"author":[{"embeddable":true,"href":"https:\/\/antalyaactivities.com\/tr\/wp-json\/wp\/v2\/users\/1"}],"replies":[{"embeddable":true,"href":"https:\/\/antalyaactivities.com\/tr\/wp-json\/wp\/v2\/comments?post=2876"}],"version-history":[{"count":0,"href":"https:\/\/antalyaactivities.com\/tr\/wp-json\/wp\/v2\/pages\/2876\/revisions"}],"wp:attachment":[{"href":"https:\/\/antalyaactivities.com\/tr\/wp-json\/wp\/v2\/media?parent=2876"}],"curies":[{"name":"wp","href":"https:\/\/api.w.org\/{rel}","templated":true}]}}